{"id":8968,"date":"2023-06-13T23:45:53","date_gmt":"2023-06-14T03:45:53","guid":{"rendered":"https:\/\/gldscz.bo\/?page_id=8968"},"modified":"2023-08-30T15:35:41","modified_gmt":"2023-08-30T19:35:41","slug":"orden-estrella-del-oriente-distrito-santa-cruz","status":"publish","type":"page","link":"https:\/\/gldscz.bo\/index.php\/orden-estrella-del-oriente-distrito-santa-cruz\/","title":{"rendered":"Contenido Restringido"},"content":{"rendered":"<h2 style=\"text-align: center\"><strong>Acceso no Disponible<\/strong><\/h2>","protected":false},"excerpt":{"rendered":"ATHENEA CAP\u00cdTULO ATHENEA N\u00b0 6 OEO Distrito Santa Cruz, Gesti\u00f3n 2023 Leer M\u00e1s VICTORIA REAL CAP\u00cdTULO VICTORIA REAL B.D. OEO Distrito Santa Cruz, Gesti\u00f3n 2023 Leer M\u00e1s IRIS.SOPHIA CAP\u00cdTULO IRIS SOPHIA N\u00b0 19 OEO Distrito Santa Cruz, Gesti\u00f3n 2023 Leer M\u00e1s ALMA.MATTER CAP\u00cdTULO ALMA MATER N\u00b0 20 OEO Distrito Santa Cruz, Gesti\u00f3n 2023 Leer M\u00e1s [...]","protected":false},"author":71,"featured_media":0,"parent":0,"menu_order":0,"comment_status":"closed","ping_status":"closed","template":"","meta":{"advanced_seo_description":"","jetpack_seo_html_title":"","jetpack_seo_noindex":false,"footnotes":""},"class_list":["post-8968","page","type-page","status-publish","hentry"],"jetpack_sharing_enabled":true,"_links":{"self":[{"href":"https:\/\/gldscz.bo\/index.php\/wp-json\/wp\/v2\/pages\/8968","targetHints":{"allow":["GET"]}}],"collection":[{"href":"https:\/\/gldscz.bo\/index.php\/wp-json\/wp\/v2\/pages"}],"about":[{"href":"https:\/\/gldscz.bo\/index.php\/wp-json\/wp\/v2\/types\/page"}],"author":[{"embeddable":true,"href":"https:\/\/gldscz.bo\/index.php\/wp-json\/wp\/v2\/users\/71"}],"replies":[{"embeddable":true,"href":"https:\/\/gldscz.bo\/index.php\/wp-json\/wp\/v2\/comments?post=8968"}],"version-history":[{"count":3,"href":"https:\/\/gldscz.bo\/index.php\/wp-json\/wp\/v2\/pages\/8968\/revisions"}],"predecessor-version":[{"id":9114,"href":"https:\/\/gldscz.bo\/index.php\/wp-json\/wp\/v2\/pages\/8968\/revisions\/9114"}],"wp:attachment":[{"href":"https:\/\/gldscz.bo\/index.php\/wp-json\/wp\/v2\/media?parent=8968"}],"curies":[{"name":"wp","href":"https:\/\/api.w.org\/{rel}","templated":true}]}}